{"id":6953,"date":"2026-03-10T23:16:01","date_gmt":"2026-03-10T23:16:01","guid":{"rendered":"https:\/\/marche-restaurants.de\/imprint\/"},"modified":"2026-03-19T22:57:30","modified_gmt":"2026-03-19T22:57:30","slug":"imprint","status":"publish","type":"page","link":"https:\/\/marche-restaurants.de\/en\/imprint\/","title":{"rendered":"Imprint"},"content":{"rendered":"<div class=\"fusion-fullwidth fullwidth-box fusion-builder-row-1 fusion-flex-container has-pattern-background has-mask-background nonhundred-percent-fullwidth non-hundred-percent-height-scrolling\" style=\"--awb-border-radius-top-left:0px;--awb-border-radius-top-right:0px;--awb-border-radius-bottom-right:0px;--awb-border-radius-bottom-left:0px;--awb-flex-wrap:wrap;\" ><div class=\"fusion-builder-row fusion-row fusion-flex-align-items-flex-start fusion-flex-content-wrap\" style=\"max-width:1310.4px;margin-left: calc(-4% \/ 2 );margin-right: calc(-4% \/ 2 );\"><div class=\"fusion-layout-column fusion_builder_column fusion-builder-column-0 fusion_builder_column_1_1 1_1 fusion-flex-column\" style=\"--awb-bg-size:cover;--awb-width-large:100%;--awb-margin-top-large:20px;--awb-spacing-right-large:1.92%;--awb-margin-bottom-large:20px;--awb-spacing-left-large:1.92%;--awb-width-medium:100%;--awb-order-medium:0;--awb-spacing-right-medium:1.92%;--awb-spacing-left-medium:1.92%;--awb-width-small:100%;--awb-order-small:0;--awb-spacing-right-small:1.92%;--awb-spacing-left-small:1.92%;\"><div class=\"fusion-column-wrapper fusion-column-has-shadow fusion-flex-justify-content-flex-start fusion-content-layout-column\"><div class=\"fusion-text fusion-text-1\" style=\"--awb-font-size:16px;\"><div style=\"word-wrap: break-word;\"><h3>Impressum<\/h3>\r\n\r\n<p>March\u00e9 M\u00f6venpick Deutschland GmbH<br \/>\r\nEsslinger Str. 7<br \/>\r\n70771 Leinfelden-Echterdingen<\/p>\r\n\r\n<p>Handelsregister: HRB 224097<br \/>\r\nRegistergericht: Amtsgericht Stuttgart<\/p>\r\n\r\n<p><strong>Vertreten durch:<\/strong><br \/>\r\nJochen Halfmann<\/p>\r\n\r\n<p><strong>Kontakt<\/strong>\r\n<p>Telefon: +4971194930<br \/>\r\nE-Mail: customerservice(at)marche-int.com<\/p>\r\n\r\n<p><strong>Verbraucher\u00adstreit\u00adbeilegung\/Universal\u00adschlichtungs\u00adstelle<\/strong>\r\n<p>Wir nehmen an einem Streitbeilegungsverfahren vor einer Verbraucherschlichtungsstelle teil. Zust\u00e4ndig ist die Universalschlichtungsstelle des Zentrums f\u00fcr Schlichtung e.V., Stra\u00dfburger Stra\u00dfe 8, 77694 Kehl am Rhein (<a href=\"https:\/\/www.verbraucher-schlichter.de\" rel=\"noopener noreferrer\" target=\"_blank\">https:\/\/www.verbraucher-schlichter.de<\/a>).<\/p><\/div>\n<\/div><\/div><\/div><\/div><\/div>\n","protected":false},"excerpt":{"rendered":"","protected":false},"author":1,"featured_media":0,"parent":0,"menu_order":0,"comment_status":"closed","ping_status":"closed","template":"","meta":{"_acf_changed":false,"footnotes":""},"class_list":["post-6953","page","type-page","status-publish","hentry"],"acf":[],"_links":{"self":[{"href":"https:\/\/marche-restaurants.de\/en\/wp-json\/wp\/v2\/pages\/6953","targetHints":{"allow":["GET"]}}],"collection":[{"href":"https:\/\/marche-restaurants.de\/en\/wp-json\/wp\/v2\/pages"}],"about":[{"href":"https:\/\/marche-restaurants.de\/en\/wp-json\/wp\/v2\/types\/page"}],"author":[{"embeddable":true,"href":"https:\/\/marche-restaurants.de\/en\/wp-json\/wp\/v2\/users\/1"}],"replies":[{"embeddable":true,"href":"https:\/\/marche-restaurants.de\/en\/wp-json\/wp\/v2\/comments?post=6953"}],"version-history":[{"count":3,"href":"https:\/\/marche-restaurants.de\/en\/wp-json\/wp\/v2\/pages\/6953\/revisions"}],"predecessor-version":[{"id":7246,"href":"https:\/\/marche-restaurants.de\/en\/wp-json\/wp\/v2\/pages\/6953\/revisions\/7246"}],"wp:attachment":[{"href":"https:\/\/marche-restaurants.de\/en\/wp-json\/wp\/v2\/media?parent=6953"}],"curies":[{"name":"wp","href":"https:\/\/api.w.org\/{rel}","templated":true}]}}