{"id":6949,"date":"2026-03-10T23:08:39","date_gmt":"2026-03-10T23:08:39","guid":{"rendered":"https:\/\/marche-restaurants.de\/disclaimer\/"},"modified":"2026-03-19T06:09:50","modified_gmt":"2026-03-19T06:09:50","slug":"disclaimer","status":"publish","type":"page","link":"https:\/\/marche-restaurants.de\/en\/disclaimer\/","title":{"rendered":"Disclaimer"},"content":{"rendered":"<div class=\"fusion-fullwidth fullwidth-box fusion-builder-row-1 fusion-flex-container has-pattern-background has-mask-background nonhundred-percent-fullwidth non-hundred-percent-height-scrolling\" style=\"--awb-border-radius-top-left:0px;--awb-border-radius-top-right:0px;--awb-border-radius-bottom-right:0px;--awb-border-radius-bottom-left:0px;--awb-flex-wrap:wrap;\" ><div class=\"fusion-builder-row fusion-row fusion-flex-align-items-flex-start fusion-flex-content-wrap\" style=\"max-width:1310.4px;margin-left: calc(-4% \/ 2 );margin-right: calc(-4% \/ 2 );\"><div class=\"fusion-layout-column fusion_builder_column fusion-builder-column-0 fusion_builder_column_1_1 1_1 fusion-flex-column\" style=\"--awb-bg-size:cover;--awb-width-large:100%;--awb-margin-top-large:20px;--awb-spacing-right-large:1.92%;--awb-margin-bottom-large:20px;--awb-spacing-left-large:1.92%;--awb-width-medium:100%;--awb-order-medium:0;--awb-spacing-right-medium:1.92%;--awb-spacing-left-medium:1.92%;--awb-width-small:100%;--awb-order-small:0;--awb-spacing-right-small:1.92%;--awb-spacing-left-small:1.92%;\"><div class=\"fusion-column-wrapper fusion-column-has-shadow fusion-flex-justify-content-flex-start fusion-content-layout-column\"><div class=\"fusion-title title fusion-title-1 fusion-sep-none fusion-title-text fusion-title-size-three\" style=\"--awb-margin-top-small:10px;--awb-margin-right-small:0px;--awb-margin-bottom-small:20px;--awb-margin-left-small:0px;\"><h3 class=\"fusion-title-heading title-heading-left fusion-responsive-typography-calculated\" style=\"margin:0;--fontSize:60;line-height:var(--awb-typography3-line-height);\">Disclaimer<\/h3><\/div><div class=\"fusion-text fusion-text-1\" style=\"--awb-font-size:16px;\"><p>This is the official website of March\u00e9 International AG, based in Switzerland.<\/p>\n<p>March\u00e9 International is responsible for the websites of the brands <strong>March\u00e9, Palavrion<\/strong> and <strong>White Monkey<\/strong>, among others.<\/p>\n<p>March\u00e9 International maintains this site for your personal entertainment, information, and communication. By using the March\u00e9 International pages, you acknowledge our terms and conditions of use (&#8216;Terms and Conditions of Use&#8217;) as well as the applicable laws and guidelines. Therefore, before browsing the website, please read the terms and conditions of use below. The trademarks, names, titles, logos, images, designs, texts, and other materials provided on this site are the property of March\u00e9 International. The text and image files provided are protected by copyright and\/or trademark law and\/or as a design or otherwise by property rights.    <\/p>\n<p>March\u00e9 International reserves the right to change these Terms and Conditions of Use by updating this text without prior notice. These changes are binding from the date of the corresponding change. <\/p>\n<p><ins><strong>Terms and Conditions of Use<\/strong><\/ins><\/p>\n<p><strong>Copyright<\/strong><\/p>\n<p>Copyright March\u00e9 International. All rights reserved. All texts, images, graphics, video and animation files are subject to copyright and other laws protecting intellectual property. They may not be copied, modified or used on other websites without the consent of March\u00e9 International. Some internet pages of March\u00e9 International also contain content that is subject to the copyright of third parties.    <\/p>\n<p>No company belonging to March\u00e9 International assumes any liability or guarantee that the use of the materials distributed on this site does not violate the rights of independent third parties not belonging to March\u00e9 International. Downloading and using content from this website is only permitted if the use is exclusively for non-commercial, informative and personal use, a copyright notice appears and the documents remain unchanged, and all copyright, trademark and other proprietary notices in connection with these materials are observed. <\/p>\n<p>Use outside of this authorization is prohibited. The photos, illustrations, designs, logos, titles and trademarks (registered and unregistered) published on this website, as well as all other content on this website, are either the property of March\u00e9 International or a company belonging to March\u00e9 International, or are used with the permission of third parties. The use of this content by users may not be distributed, modified, published, transmitted, further exploited, further sent, fed into other systems or used for public or commercial purposes without the written permission of March\u00e9 International or those third parties who own the respective rights. Violations will be prosecuted under civil and\/or criminal law.   <\/p>\n<p>Although March\u00e9 International strives to ensure that the content of the website is correct, neither March\u00e9 International nor any company belonging to March\u00e9 International can guarantee the timeliness, accuracy or completeness of the information provided. Likewise, no responsibility can be assumed for ensuring that the information meets the desired purpose of the users. <\/p>\n<p>March\u00e9 International excludes all liability or responsibility for any incorrect or incomplete content on this website. In particular, documents and graphics may contain technical or typographical errors. The use, browsing or downloading of documents and files from this website is at the user&#8217;s own risk, who is also responsible for data backup. In addition, March\u00e9 International assumes no responsibility and is not liable for possible viruses or for other damage to the user&#8217;s computer system or other property resulting from access to this website, its use or browsing on the website, or when downloading materials, data, texts, images, video or audio material from the website.   <\/p>\n<p>March\u00e9 International and all other parties involved in the design, production and provision of this website exclude any liability for direct, accidental or indirect damage, consequential damage or claims for damages arising from access to this website or from the use of the site. In particular, if a contract should exist between the users and March\u00e9 International, liability for slightly negligent breaches of duty is excluded, provided that no essential contractual obligations or guaranteed properties or claims under the Product Liability Act are affected. The same applies to vicarious agents.  <\/p>\n<p>All personal data incurred during your use of the websites will be processed in accordance with the data protection information on this website. These are linked in the footer. <\/p>\n<p>Other communications or materials that you send to March\u00e9 International via the Internet\/e-mail (ideas, images, graphics, questions, comments, suggestions, etc.) will be treated as non-confidential and non-proprietary and will become the sole property of March\u00e9 International and may accordingly be used by March\u00e9 International without any obligation to pay compensation.<\/p>\n<\/div><\/div><\/div><\/div><\/div>\n","protected":false},"excerpt":{"rendered":"","protected":false},"author":1,"featured_media":0,"parent":0,"menu_order":0,"comment_status":"closed","ping_status":"closed","template":"","meta":{"_acf_changed":false,"footnotes":""},"class_list":["post-6949","page","type-page","status-publish","hentry"],"acf":[],"_links":{"self":[{"href":"https:\/\/marche-restaurants.de\/en\/wp-json\/wp\/v2\/pages\/6949","targetHints":{"allow":["GET"]}}],"collection":[{"href":"https:\/\/marche-restaurants.de\/en\/wp-json\/wp\/v2\/pages"}],"about":[{"href":"https:\/\/marche-restaurants.de\/en\/wp-json\/wp\/v2\/types\/page"}],"author":[{"embeddable":true,"href":"https:\/\/marche-restaurants.de\/en\/wp-json\/wp\/v2\/users\/1"}],"replies":[{"embeddable":true,"href":"https:\/\/marche-restaurants.de\/en\/wp-json\/wp\/v2\/comments?post=6949"}],"version-history":[{"count":2,"href":"https:\/\/marche-restaurants.de\/en\/wp-json\/wp\/v2\/pages\/6949\/revisions"}],"predecessor-version":[{"id":6952,"href":"https:\/\/marche-restaurants.de\/en\/wp-json\/wp\/v2\/pages\/6949\/revisions\/6952"}],"wp:attachment":[{"href":"https:\/\/marche-restaurants.de\/en\/wp-json\/wp\/v2\/media?parent=6949"}],"curies":[{"name":"wp","href":"https:\/\/api.w.org\/{rel}","templated":true}]}}